{"id":1966,"date":"2025-01-16T14:28:09","date_gmt":"2025-01-16T14:28:09","guid":{"rendered":"https:\/\/giangab.thedeepsite.com\/?page_id=1966"},"modified":"2025-08-04T21:01:02","modified_gmt":"2025-08-04T21:01:02","slug":"contact","status":"publish","type":"page","link":"https:\/\/corporaciongiangab.com\/en\/contact\/","title":{"rendered":"Contact"},"content":{"rendered":"\t\t<div data-elementor-type=\"wp-page\" data-elementor-id=\"1966\" class=\"elementor elementor-1966\" data-elementor-post-type=\"page\">\n\t\t\t\t<div class=\"elementor-element elementor-element-9a49482 e-con-full e-flex e-con e-parent\" data-id=\"9a49482\" data-element_type=\"container\" data-settings=\"{&quot;background_background&quot;:&quot;classic&quot;}\">\n\t\t\t\t<div class=\"elementor-element elementor-element-441cc2b elementor-widget__width-initial elementor-widget elementor-widget-heading\" data-id=\"441cc2b\" data-element_type=\"widget\" data-widget_type=\"heading.default\">\n\t\t\t\t<div class=\"elementor-widget-container\">\n\t\t\t\t\t<h2 class=\"elementor-heading-title elementor-size-default\">Contact us and let us be part of your project.<\/h2>\t\t\t\t<\/div>\n\t\t\t\t<\/div>\n\t\t\t\t<div class=\"elementor-element elementor-element-fa31a87 elementor-hidden-mobile elementor-widget-divider--view-line elementor-widget elementor-widget-divider\" data-id=\"fa31a87\" data-element_type=\"widget\" data-widget_type=\"divider.default\">\n\t\t\t\t<div class=\"elementor-widget-container\">\n\t\t\t\t\t\t\t<div class=\"elementor-divider\">\n\t\t\t<span class=\"elementor-divider-separator\">\n\t\t\t\t\t\t<\/span>\n\t\t<\/div>\n\t\t\t\t\t\t<\/div>\n\t\t\t\t<\/div>\n\t\t\t\t<\/div>\n\t\t<div class=\"elementor-element elementor-element-8a71c70 e-con-full e-flex e-con e-parent\" data-id=\"8a71c70\" data-element_type=\"container\" data-settings=\"{&quot;background_background&quot;:&quot;classic&quot;}\">\n\t\t<div class=\"elementor-element elementor-element-df49aa6 e-con-full e-flex e-con e-child\" data-id=\"df49aa6\" data-element_type=\"container\">\n\t\t\t\t<div class=\"elementor-element elementor-element-681c353 elementor-button-align-stretch elementor-widget elementor-widget-form\" data-id=\"681c353\" data-element_type=\"widget\" data-settings=\"{&quot;button_width&quot;:&quot;25&quot;,&quot;button_width_mobile&quot;:&quot;20&quot;,&quot;step_next_label&quot;:&quot;Next&quot;,&quot;step_previous_label&quot;:&quot;Previous&quot;,&quot;step_type&quot;:&quot;number_text&quot;,&quot;step_icon_shape&quot;:&quot;circle&quot;}\" data-widget_type=\"form.default\">\n\t\t\t\t<div class=\"elementor-widget-container\">\n\t\t\t\t\t\t\t<form class=\"elementor-form\" method=\"post\" name=\"Formulario de Contacto\">\n\t\t\t<input type=\"hidden\" name=\"post_id\" value=\"1966\"\/>\n\t\t\t<input type=\"hidden\" name=\"form_id\" value=\"681c353\"\/>\n\t\t\t<input type=\"hidden\" name=\"referer_title\" value=\"Contact\" \/>\n\n\t\t\t\t\t\t\t<input type=\"hidden\" name=\"queried_id\" value=\"1966\"\/>\n\t\t\t\n\t\t\t<div class=\"elementor-form-fields-wrapper elementor-labels-above\">\n\t\t\t\t\t\t\t\t<div class=\"elementor-field-type-text elementor-field-group elementor-column elementor-field-group-name elementor-col-100 elementor-field-required\">\n\t\t\t\t\t\t\t\t\t\t\t\t\t<input size=\"1\" type=\"text\" name=\"form_fields[name]\" id=\"form-field-name\" class=\"elementor-field elementor-size-md  elementor-field-textual\" placeholder=\"First and Last Name\" required=\"required\">\n\t\t\t\t\t\t\t\t\t\t\t<\/div>\n\t\t\t\t\t\t\t\t<div class=\"elementor-field-type-email elementor-field-group elementor-column elementor-field-group-email elementor-col-100 elementor-field-required\">\n\t\t\t\t\t\t\t\t\t\t\t\t\t<input size=\"1\" type=\"email\" name=\"form_fields[email]\" id=\"form-field-email\" class=\"elementor-field elementor-size-md  elementor-field-textual\" placeholder=\"E-mail address\" required=\"required\">\n\t\t\t\t\t\t\t\t\t\t\t<\/div>\n\t\t\t\t\t\t\t\t<div class=\"elementor-field-type-tel elementor-field-group elementor-column elementor-field-group-field_0996762 elementor-col-100 elementor-field-required\">\n\t\t\t\t\t\t\t<input size=\"1\" type=\"tel\" name=\"form_fields[field_0996762]\" id=\"form-field-field_0996762\" class=\"elementor-field elementor-size-md  elementor-field-textual\" placeholder=\"Telephone (include area code)\" required=\"required\" pattern=\"[0-9()#&amp;+*-=.]+\" title=\"Only numbers and phone characters (#, -, *, etc) are accepted.\">\n\n\t\t\t\t\t\t<\/div>\n\t\t\t\t\t\t\t\t<div class=\"elementor-field-type-text elementor-field-group elementor-column elementor-field-group-field_a06f6bd elementor-col-100 elementor-field-required\">\n\t\t\t\t\t\t\t\t\t\t\t\t\t<input size=\"1\" type=\"text\" name=\"form_fields[field_a06f6bd]\" id=\"form-field-field_a06f6bd\" class=\"elementor-field elementor-size-md  elementor-field-textual\" placeholder=\"Company and Position held\" required=\"required\">\n\t\t\t\t\t\t\t\t\t\t\t<\/div>\n\t\t\t\t\t\t\t\t<div class=\"elementor-field-type-text elementor-field-group elementor-column elementor-field-group-field_b93c552 elementor-col-100 elementor-field-required\">\n\t\t\t\t\t\t\t\t\t\t\t\t\t<input size=\"1\" type=\"text\" name=\"form_fields[field_b93c552]\" id=\"form-field-field_b93c552\" class=\"elementor-field elementor-size-md  elementor-field-textual\" placeholder=\"Country \/ City\" required=\"required\">\n\t\t\t\t\t\t\t\t\t\t\t<\/div>\n\t\t\t\t\t\t\t\t<div class=\"elementor-field-type-select elementor-field-group elementor-column elementor-field-group-field_fe49842 elementor-col-100\">\n\t\t\t\t\t\t\t<div class=\"elementor-field elementor-select-wrapper remove-before \">\n\t\t\t<div class=\"select-caret-down-wrapper\">\n\t\t\t\t<svg aria-hidden=\"true\" class=\"e-font-icon-svg e-eicon-caret-down\" viewBox=\"0 0 571.4 571.4\" xmlns=\"http:\/\/www.w3.org\/2000\/svg\"><path d=\"M571 393Q571 407 561 418L311 668Q300 679 286 679T261 668L11 418Q0 407 0 393T11 368 36 357H536Q550 357 561 368T571 393Z\"><\/path><\/svg>\t\t\t<\/div>\n\t\t\t<select name=\"form_fields[field_fe49842]\" id=\"form-field-field_fe49842\" class=\"elementor-field-textual elementor-size-md\">\n\t\t\t\t\t\t\t\t\t<option value=\"I am interested in information about:   \">I am interested in information about:   <\/option>\n\t\t\t\t\t\t\t\t\t<option value=\"Floor covering \u29be\">Floor covering \u29be<\/option>\n\t\t\t\t\t\t\t\t\t<option value=\"Facade cladding \u29be\">Facade cladding \u29be<\/option>\n\t\t\t\t\t\t\t\t\t<option value=\"Remodeling \u29be\">Remodeling \u29be<\/option>\n\t\t\t\t\t\t\t\t\t<option value=\"Maintenance \u29be\">Maintenance \u29be<\/option>\n\t\t\t\t\t\t\t\t\t<option value=\"Materials for sale \u29be\">Materials for sale \u29be<\/option>\n\t\t\t\t\t\t\t<\/select>\n\t\t<\/div>\n\t\t\t\t\t\t<\/div>\n\t\t\t\t\t\t\t\t<div class=\"elementor-field-type-textarea elementor-field-group elementor-column elementor-field-group-field_5edba71 elementor-col-100\">\n\t\t\t\t\t<textarea class=\"elementor-field-textual elementor-field  elementor-size-md\" name=\"form_fields[field_5edba71]\" id=\"form-field-field_5edba71\" rows=\"10\" placeholder=\"Message\"><\/textarea>\t\t\t\t<\/div>\n\t\t\t\t\t\t\t\t<div class=\"elementor-field-group elementor-column elementor-field-type-submit elementor-col-25 e-form__buttons elementor-sm-20\">\n\t\t\t\t\t<button class=\"elementor-button elementor-size-sm\" type=\"submit\">\n\t\t\t\t\t\t<span class=\"elementor-button-content-wrapper\">\n\t\t\t\t\t\t\t\t\t\t\t\t\t\t\t<span class=\"elementor-button-icon\">\n\t\t\t\t\t\t\t\t\t<svg xmlns=\"http:\/\/www.w3.org\/2000\/svg\" width=\"14\" height=\"14\" viewBox=\"0 0 14 14\" fill=\"none\"><path d=\"M1 13L13 1M13 1H5M13 1V9\" stroke=\"white\" stroke-width=\"2\" stroke-linecap=\"round\" stroke-linejoin=\"round\"><\/path><\/svg>\t\t\t\t\t\t\t\t\t\t\t\t\t\t\t\t\t<\/span>\n\t\t\t\t\t\t\t\t\t\t\t\t\t\t\t\t\t\t\t\t\t\t<span class=\"elementor-button-text\">SENT<\/span>\n\t\t\t\t\t\t\t\t\t\t\t\t\t<\/span>\n\t\t\t\t\t<\/button>\n\t\t\t\t<\/div>\n\t\t\t<\/div>\n\t\t<\/form>\n\t\t\t\t\t\t<\/div>\n\t\t\t\t<\/div>\n\t\t\t\t<\/div>\n\t\t<div class=\"elementor-element elementor-element-347606c e-con-full e-flex e-con e-child\" data-id=\"347606c\" data-element_type=\"container\">\n\t\t\t\t<div class=\"elementor-element elementor-element-0762e7e elementor-widget elementor-widget-video\" data-id=\"0762e7e\" data-element_type=\"widget\" data-settings=\"{&quot;video_type&quot;:&quot;hosted&quot;,&quot;autoplay&quot;:&quot;yes&quot;,&quot;play_on_mobile&quot;:&quot;yes&quot;,&quot;loop&quot;:&quot;yes&quot;}\" data-widget_type=\"video.default\">\n\t\t\t\t<div class=\"elementor-widget-container\">\n\t\t\t\t\t\t\t<div class=\"e-hosted-video elementor-wrapper elementor-open-inline\">\n\t\t\t\t\t<video class=\"elementor-video\" src=\"https:\/\/seocontenidos-recursos.b-cdn.net\/f149b02d3c38665e278535ae39cec6b9d5155e38.mp4\" autoplay=\"\" loop=\"\" playsinline=\"\" controlsList=\"nodownload\"><\/video>\n\t\t\t\t<\/div>\n\t\t\t\t\t\t<\/div>\n\t\t\t\t<\/div>\n\t\t\t\t<\/div>\n\t\t\t\t<\/div>\n\t\t<div class=\"elementor-element elementor-element-168e7e0 e-con-full e-flex e-con e-parent\" data-id=\"168e7e0\" data-element_type=\"container\" data-settings=\"{&quot;background_background&quot;:&quot;classic&quot;}\">\n\t\t\t\t<div class=\"elementor-element elementor-element-e85f408 elementor-widget-divider--view-line elementor-widget elementor-widget-divider\" data-id=\"e85f408\" data-element_type=\"widget\" data-widget_type=\"divider.default\">\n\t\t\t\t<div class=\"elementor-widget-container\">\n\t\t\t\t\t\t\t<div class=\"elementor-divider\">\n\t\t\t<span class=\"elementor-divider-separator\">\n\t\t\t\t\t\t<\/span>\n\t\t<\/div>\n\t\t\t\t\t\t<\/div>\n\t\t\t\t<\/div>\n\t\t\t\t<div class=\"elementor-element elementor-element-b83ccad elementor-widget elementor-widget-html\" data-id=\"b83ccad\" data-element_type=\"widget\" data-widget_type=\"html.default\">\n\t\t\t\t<div class=\"elementor-widget-container\">\n\t\t\t\t\t<div class=\"marquee-container\">\n  <div class=\"marquee-content\">\n    <span>VENEZUELA<\/span>\n    <span style=\"color:#0950BC\">\u2022<\/span>\n    <span>PUERTO RICO<\/span>\n    <span style=\"color:#0950BC\">\u2022<\/span>\n    <span>REP DOMINICANA<\/span>\n    <span style=\"color:#0950BC\">\u2022<\/span>\n    <!-- Duplicar el contenido para lograr un bucle continuo -->\n    <span>VENEZUELA<\/span>\n    <span style=\"color:#0950BC\">\u2022<\/span>\n    <span>PUERTO RICO<\/span>\n    <span style=\"color:#0950BC\">\u2022<\/span>\n    <span>REP DOMINICANA<\/span>\n    <span style=\"color:#0950BC\">\u2022<\/span>\n  <\/div>\n<\/div>\t\t\t\t<\/div>\n\t\t\t\t<\/div>\n\t\t\t\t<div class=\"elementor-element elementor-element-98e742f elementor-widget-divider--view-line elementor-widget elementor-widget-divider\" data-id=\"98e742f\" data-element_type=\"widget\" data-widget_type=\"divider.default\">\n\t\t\t\t<div class=\"elementor-widget-container\">\n\t\t\t\t\t\t\t<div class=\"elementor-divider\">\n\t\t\t<span class=\"elementor-divider-separator\">\n\t\t\t\t\t\t<\/span>\n\t\t<\/div>\n\t\t\t\t\t\t<\/div>\n\t\t\t\t<\/div>\n\t\t\t\t<\/div>\n\t\t<div class=\"elementor-element elementor-element-29ec7a9 e-con-full e-flex e-con e-parent\" data-id=\"29ec7a9\" data-element_type=\"container\" data-settings=\"{&quot;background_background&quot;:&quot;classic&quot;}\">\n\t\t<div class=\"elementor-element elementor-element-95c264d e-con-full e-flex e-con e-child\" data-id=\"95c264d\" data-element_type=\"container\">\n\t\t\t\t<div class=\"elementor-element elementor-element-02ead95 elementor-widget elementor-widget-heading\" data-id=\"02ead95\" data-element_type=\"widget\" data-widget_type=\"heading.default\">\n\t\t\t\t<div class=\"elementor-widget-container\">\n\t\t\t\t\t<h3 class=\"elementor-heading-title elementor-size-default\">WHERE DO WE WORK?<\/h3>\t\t\t\t<\/div>\n\t\t\t\t<\/div>\n\t\t\t\t<\/div>\n\t\t<div class=\"elementor-element elementor-element-2291a93 e-con-full e-flex e-con e-child\" data-id=\"2291a93\" data-element_type=\"container\">\n\t\t\t\t<\/div>\n\t\t<div class=\"elementor-element elementor-element-e90622b e-con-full e-flex e-con e-child\" data-id=\"e90622b\" data-element_type=\"container\">\n\t\t\t\t<div class=\"elementor-element elementor-element-6445480 elementor-widget elementor-widget-heading\" data-id=\"6445480\" data-element_type=\"widget\" data-widget_type=\"heading.default\">\n\t\t\t\t<div class=\"elementor-widget-container\">\n\t\t\t\t\t<h4 class=\"elementor-heading-title elementor-size-default\">Caracas, Venezuela<\/h4>\t\t\t\t<\/div>\n\t\t\t\t<\/div>\n\t\t\t\t<div class=\"elementor-element elementor-element-682d1f9 elementor-widget__width-initial elementor-widget elementor-widget-text-editor\" data-id=\"682d1f9\" data-element_type=\"widget\" data-widget_type=\"text-editor.default\">\n\t\t\t\t<div class=\"elementor-widget-container\">\n\t\t\t\t\t\t\t\t\t<p>Urbanizaci\u00f3n La Trinidad, Residencias Guaymaral, 2nd Floor, Apt. 2-4, Sector La Granjer\u00eda, Municipality of Baruta, Miranda State.<\/p>\t\t\t\t\t\t\t\t<\/div>\n\t\t\t\t<\/div>\n\t\t\t\t<div class=\"elementor-element elementor-element-be39d8f elementor-hidden-desktop elementor-hidden-tablet elementor-widget-divider--view-line elementor-widget elementor-widget-divider\" data-id=\"be39d8f\" data-element_type=\"widget\" data-widget_type=\"divider.default\">\n\t\t\t\t<div class=\"elementor-widget-container\">\n\t\t\t\t\t\t\t<div class=\"elementor-divider\">\n\t\t\t<span class=\"elementor-divider-separator\">\n\t\t\t\t\t\t<\/span>\n\t\t<\/div>\n\t\t\t\t\t\t<\/div>\n\t\t\t\t<\/div>\n\t\t\t\t<\/div>\n\t\t<div class=\"elementor-element elementor-element-6da92ac e-con-full elementor-hidden-desktop elementor-hidden-tablet elementor-hidden-mobile e-flex e-con e-child\" data-id=\"6da92ac\" data-element_type=\"container\">\n\t\t\t\t<div class=\"elementor-element elementor-element-819d169 elementor-widget elementor-widget-heading\" data-id=\"819d169\" data-element_type=\"widget\" data-widget_type=\"heading.default\">\n\t\t\t\t<div class=\"elementor-widget-container\">\n\t\t\t\t\t<h4 class=\"elementor-heading-title elementor-size-default\">El Caribe<\/h4>\t\t\t\t<\/div>\n\t\t\t\t<\/div>\n\t\t\t\t<div class=\"elementor-element elementor-element-1106e5f elementor-widget__width-initial elementor-widget elementor-widget-text-editor\" data-id=\"1106e5f\" data-element_type=\"widget\" data-widget_type=\"text-editor.default\">\n\t\t\t\t<div class=\"elementor-widget-container\">\n\t\t\t\t\t\t\t\t\t<p>Avenida M\u00e9xico, esquina Leopoldo Navarro. Torre JPD, 6to piso. Santo Domingo, Rep\u00fablica Dominicana<\/p>\t\t\t\t\t\t\t\t<\/div>\n\t\t\t\t<\/div>\n\t\t\t\t<div class=\"elementor-element elementor-element-5bf6c66 elementor-widget__width-initial elementor-widget elementor-widget-text-editor\" data-id=\"5bf6c66\" data-element_type=\"widget\" data-widget_type=\"text-editor.default\">\n\t\t\t\t<div class=\"elementor-widget-container\">\n\t\t\t\t\t\t\t\t\t<p>Rep Dom. Puerto Rico. Jamaica. Cuba. Hait\u00ed. Martinica. Trinidad y Tobago. Guadalupe y Las Bahamas<\/p>\t\t\t\t\t\t\t\t<\/div>\n\t\t\t\t<\/div>\n\t\t\t\t<\/div>\n\t\t<div class=\"elementor-element elementor-element-0c9dab8 e-con-full e-flex e-con e-child\" data-id=\"0c9dab8\" data-element_type=\"container\">\n\t\t\t\t<\/div>\n\t\t\t\t<\/div>\n\t\t\t\t<\/div>\n\t\t","protected":false},"excerpt":{"rendered":"<p>Contact us and let us be part of your project. https:\/\/seocontenidos-recursos.b-cdn.net\/f149b02d3c38665e278535ae39cec6b9d5155e38.mp4 VENEZUELA \u2022 PUERTO RICO \u2022 REP DOMINICANA \u2022 VENEZUELA \u2022 PUERTO RICO \u2022 REP DOMINICANA \u2022 WHERE DO WE WORK? Caracas, Venezuela Urbanizaci\u00f3n La Trinidad, Residencias Guaymaral, 2nd Floor, Apt. 2-4, Sector La Granjer\u00eda, Municipality of Baruta, Miranda State. El Caribe Avenida M\u00e9xico, esquina [&hellip;]<\/p>\n","protected":false},"author":2,"featured_media":0,"parent":0,"menu_order":0,"comment_status":"closed","ping_status":"closed","template":"","meta":{"footnotes":""},"class_list":["post-1966","page","type-page","status-publish","hentry"],"_links":{"self":[{"href":"https:\/\/corporaciongiangab.com\/en\/wp-json\/wp\/v2\/pages\/1966","targetHints":{"allow":["GET"]}}],"collection":[{"href":"https:\/\/corporaciongiangab.com\/en\/wp-json\/wp\/v2\/pages"}],"about":[{"href":"https:\/\/corporaciongiangab.com\/en\/wp-json\/wp\/v2\/types\/page"}],"author":[{"embeddable":true,"href":"https:\/\/corporaciongiangab.com\/en\/wp-json\/wp\/v2\/users\/2"}],"replies":[{"embeddable":true,"href":"https:\/\/corporaciongiangab.com\/en\/wp-json\/wp\/v2\/comments?post=1966"}],"version-history":[{"count":19,"href":"https:\/\/corporaciongiangab.com\/en\/wp-json\/wp\/v2\/pages\/1966\/revisions"}],"predecessor-version":[{"id":2233,"href":"https:\/\/corporaciongiangab.com\/en\/wp-json\/wp\/v2\/pages\/1966\/revisions\/2233"}],"wp:attachment":[{"href":"https:\/\/corporaciongiangab.com\/en\/wp-json\/wp\/v2\/media?parent=1966"}],"curies":[{"name":"wp","href":"https:\/\/api.w.org\/{rel}","templated":true}]}}